{"id":14,"date":"2023-08-02T13:26:47","date_gmt":"2023-08-02T13:26:47","guid":{"rendered":"http:\/\/klinisk-psykolog.dk\/?page_id=14"},"modified":"2024-12-04T14:31:51","modified_gmt":"2024-12-04T14:31:51","slug":"klinikken","status":"publish","type":"page","link":"https:\/\/klinisk-psykolog.dk\/index.php\/klinikken\/","title":{"rendered":"Klinikken"},"content":{"rendered":"\n<h4 class=\"wp-block-heading\">Klinikken<\/h4>\n\n\n\n<p>I Albertslund Psykologklinik tilbydes der supervision og individuel terapi i forhold til de g\u00e6ldende retningslinjer i overenskomsten med Den Offentlige sygesikring, samt i overensstemmelse med <a href=\"https:\/\/klinisk-psykolog.dk\/index.php\/dansk-psykologforenings-etiske-principper-og-faglige-retningslinjer\/\" data-type=\"page\" data-id=\"40\">Dansk Psykologforenings etiske principper og faglige retningslinjer<\/a>.<\/p>\n\n\n\n<p>Klinikkens m\u00e5lgruppe omfatter unge og voksne.<\/p>\n\n\n\n<p>Klinikken har eksisteret siden 1994 og i 2008 tiltr\u00e5dte klinikken overenskomst med Den Offentlige sygesikring. Dette betyder, at man med en henvisning fra sin alment praktiserende l\u00e6ge kan f\u00e5 <a href=\"https:\/\/klinisk-psykolog.dk\/index.php\/tilskud\/\" data-type=\"page\" data-id=\"18\">tilskud<\/a> til psykologsamtalerne. P\u00e5 grund af synsneds\u00e6ttelse er der blevet bevilget generel dispensation til at drive psykologpraksis p\u00e5 bop\u00e6lsadresse.<\/p>\n\n\n\n<p>Albertslund Psykologklinik er akkrediteret i overensstemmelse med akkrediteringsstandarder for privatpraktiserende psykologer af Institut for Kvalitet og Akkreditering i Sundhedsv\u00e6senet (IKAS).<\/p>\n\n\n\n<p>For god ordens skyld skal det bem\u00e6rkes, at der ikke er handicapvenlig adgang til klinikken.<\/p>\n\n\n\n<h4 class=\"wp-block-heading\">Konsultationstider<\/h4>\n\n\n\n<p>Klinikken har konsultationstider hverdage i f\u00f8lgende tidsrum:<br><br><strong>Mandag<\/strong> 09:00 &#8211; 13:00.<br><strong>Tirsdag<\/strong> 09:00 &#8211; 18:00.<br><strong>Onsdag<\/strong> 09:00 &#8211; 13:00.<br><strong>Torsdag<\/strong>: 09:00 &#8211; 18:00.<br><strong>Fredag<\/strong> 15:00 &#8211; 18:00.<br><br>Der er ogs\u00e5 mulighed for <strong>telefonisk konsultation<\/strong> alle hverdage, samt i weekender.<\/p>\n\n\n\n<h4 class=\"wp-block-heading\">Beliggenhed<\/h4>\n\n\n\n<p>Albertslund Psykologklinik har adresse p\u00e5 Bispehusene 26, 2620 Albertslund.<\/p>\n\n\n\n<p>Klinikken er centralt beliggende i forhold til offentlige transportmidler.<br>Buslinjerne 143 og 144 k\u00f8rer lige til d\u00f8ren. Buslinjerne 123, 141 og 149 standser ca. 800 meter fra klinikken. N\u00e6rmeste togstation er Albertslund Station, som ligger i en afstand af ca. 1500 meter fra klinikken.<\/p>\n\n\n\n<p>Der er parkeringspladser foran klinikken. Parkering er gratis og parkeringsskive er ikke n\u00f8dvendig. Dog m\u00e5 der ikke parkeres ved de opsatte el-standere.<\/p>\n\n\n\n<iframe src=\"https:\/\/www.google.com\/maps\/embed?pb=!1m18!1m12!1m3!1d2250.1344394446096!2d12.359196213199324!3d55.66926229830923!2m3!1f0!2f0!3f0!3m2!1i1024!2i768!4f13.1!3m3!1m2!1s0x46525752cecb0899%3A0xaf953058f24c82e2!2sBispehusene%2026%2C%202620%20Albertslund!5e0!3m2!1sda!2sdk!4v1692796629601!5m2!1sda!2sdk\" width=\"600\" height=\"450\" style=\"border:0;\" allowfullscreen=\"\" loading=\"lazy\" referrerpolicy=\"no-referrer-when-downgrade\"><\/iframe>\n","protected":false},"excerpt":{"rendered":"<p>Klinikken I Albertslund Psykologklinik tilbydes der supervision og individuel terapi i forhold til de g\u00e6ldende retningslinjer i overenskomsten med Den Offentlige sygesikring, samt i overensstemmelse med Dansk Psykologforenings etiske principper og faglige retningslinjer. Klinikkens m\u00e5lgruppe omfatter unge og voksne. Klinikken har eksisteret siden 1994 og i 2008 tiltr\u00e5dte klinikken overenskomst med Den Offentlige sygesikring. Dette [&hellip;]<\/p>\n","protected":false},"author":1,"featured_media":0,"parent":0,"menu_order":0,"comment_status":"closed","ping_status":"closed","template":"","meta":{"inline_featured_image":false,"site-sidebar-layout":"default","site-content-layout":"content-boxed-container","ast-site-content-layout":"normal-width-container","site-content-style":"boxed","site-sidebar-style":"unboxed","ast-global-header-display":"","ast-banner-title-visibility":"","ast-main-header-display":"","ast-hfb-above-header-display":"","ast-hfb-below-header-display":"","ast-hfb-mobile-header-display":"","site-post-title":"disabled","ast-breadcrumbs-content":"","ast-featured-img":"","footer-sml-layout":"","theme-transparent-header-meta":"","adv-header-id-meta":"","stick-header-meta":"","header-above-stick-meta":"","header-main-stick-meta":"","header-below-stick-meta":"","astra-migrate-meta-layouts":"set","ast-page-background-enabled":"default","ast-page-background-meta":{"desktop":{"background-color":"var(--ast-global-color-4)","background-image":"","background-repeat":"repeat","background-position":"center center","background-size":"auto","background-attachment":"scroll","background-type":"","background-media":"","overlay-type":"","overlay-color":"","overlay-opacity":"","overlay-gradient":""},"tablet":{"background-color":"","background-image":"","background-repeat":"repeat","background-position":"center center","background-size":"auto","background-attachment":"scroll","background-type":"","background-media":"","overlay-type":"","overlay-color":"","overlay-opacity":"","overlay-gradient":""},"mobile":{"background-color":"","background-image":"","background-repeat":"repeat","background-position":"center center","background-size":"auto","background-attachment":"scroll","background-type":"","background-media":"","overlay-type":"","overlay-color":"","overlay-opacity":"","overlay-gradient":""}},"ast-content-background-meta":{"desktop":{"background-color":"var(--ast-global-color-5)","background-image":"","background-repeat":"repeat","background-position":"center center","background-size":"auto","background-attachment":"scroll","background-type":"","background-media":"","overlay-type":"","overlay-color":"","overlay-opacity":"","overlay-gradient":""},"tablet":{"background-color":"var(--ast-global-color-5)","background-image":"","background-repeat":"repeat","background-position":"center center","background-size":"auto","background-attachment":"scroll","background-type":"","background-media":"","overlay-type":"","overlay-color":"","overlay-opacity":"","overlay-gradient":""},"mobile":{"background-color":"var(--ast-global-color-5)","background-image":"","background-repeat":"repeat","background-position":"center center","background-size":"auto","background-attachment":"scroll","background-type":"","background-media":"","overlay-type":"","overlay-color":"","overlay-opacity":"","overlay-gradient":""}},"footnotes":""},"class_list":["post-14","page","type-page","status-publish","hentry"],"_links":{"self":[{"href":"https:\/\/klinisk-psykolog.dk\/index.php\/wp-json\/wp\/v2\/pages\/14","targetHints":{"allow":["GET"]}}],"collection":[{"href":"https:\/\/klinisk-psykolog.dk\/index.php\/wp-json\/wp\/v2\/pages"}],"about":[{"href":"https:\/\/klinisk-psykolog.dk\/index.php\/wp-json\/wp\/v2\/types\/page"}],"author":[{"embeddable":true,"href":"https:\/\/klinisk-psykolog.dk\/index.php\/wp-json\/wp\/v2\/users\/1"}],"replies":[{"embeddable":true,"href":"https:\/\/klinisk-psykolog.dk\/index.php\/wp-json\/wp\/v2\/comments?post=14"}],"version-history":[{"count":19,"href":"https:\/\/klinisk-psykolog.dk\/index.php\/wp-json\/wp\/v2\/pages\/14\/revisions"}],"predecessor-version":[{"id":423,"href":"https:\/\/klinisk-psykolog.dk\/index.php\/wp-json\/wp\/v2\/pages\/14\/revisions\/423"}],"wp:attachment":[{"href":"https:\/\/klinisk-psykolog.dk\/index.php\/wp-json\/wp\/v2\/media?parent=14"}],"curies":[{"name":"wp","href":"https:\/\/api.w.org\/{rel}","templated":true}]}}